{"id":48,"date":"2026-04-23T08:50:57","date_gmt":"2026-04-23T08:50:57","guid":{"rendered":"https:\/\/dnlcapital.com.vn\/?page_id=48"},"modified":"2026-04-23T08:52:38","modified_gmt":"2026-04-23T08:52:38","slug":"trang-chu","status":"publish","type":"page","link":"https:\/\/dnlcapital.com.vn\/","title":{"rendered":"Trang ch\u1ee7"},"content":{"rendered":"\t\t<div data-elementor-type=\"wp-page\" data-elementor-id=\"48\" class=\"elementor elementor-48\" data-elementor-post-type=\"page\">\n\t\t\t\t<div class=\"elementor-element elementor-element-9f79c00 e-flex e-con-boxed e-con e-parent\" data-id=\"9f79c00\" data-element_type=\"container\" data-e-type=\"container\">\n\t\t\t\t\t<div class=\"e-con-inner\">\n\t\t\t\t<div class=\"elementor-element elementor-element-5384da6 elementor-widget elementor-widget-html\" data-id=\"5384da6\" data-element_type=\"widget\" data-e-type=\"widget\" data-widget_type=\"html.default\">\n\t\t\t\t\t<!DOCTYPE html>\r\n<html lang=\"vi\">\r\n<head>\r\n    <meta charset=\"UTF-8\">\r\n    <meta name=\"viewport\" content=\"width=device-width, initial-scale=1.0\">\r\n    <title>Th\u00f4ng B\u00e1o B\u1ea3o Tr\u00ec - DNL Capital<\/title>\r\n    <style>\r\n        :root {\r\n            --primary-green: #1b5e20; \/* Xanh l\u00e1 \u0111\u1eadm chuy\u00ean nghi\u1ec7p *\/\r\n            --light-bg: #ffffff;\r\n            --text-dark: #333333;\r\n            --text-muted: #666666;\r\n        }\r\n\r\n        * {\r\n            margin: 0;\r\n            padding: 0;\r\n            box-sizing: border-box;\r\n            font-family: 'Segoe UI', Tahoma, Geneva, Verdana, sans-serif;\r\n        }\r\n\r\n        body {\r\n            background-color: var(--light-bg);\r\n            color: var(--text-dark);\r\n            height: 100vh;\r\n            display: flex;\r\n            align-items: center;\r\n            justify-content: center;\r\n            text-align: center;\r\n            padding: 20px;\r\n        }\r\n\r\n        .container {\r\n            max-width: 600px;\r\n            padding: 40px;\r\n            border-radius: 12px;\r\n            box-shadow: 0 10px 30px rgba(0, 0, 0, 0.05);\r\n            border: 1px solid #f0f0f0;\r\n        }\r\n\r\n        .icon {\r\n            font-size: 60px;\r\n            color: var(--primary-green);\r\n            margin-bottom: 20px;\r\n        }\r\n\r\n        h1 {\r\n            color: var(--primary-green);\r\n            font-size: 28px;\r\n            margin-bottom: 15px;\r\n            text-transform: uppercase;\r\n            letter-spacing: 1px;\r\n        }\r\n\r\n        p {\r\n            line-height: 1.6;\r\n            margin-bottom: 25px;\r\n            font-size: 18px;\r\n        }\r\n\r\n        .highlight {\r\n            font-weight: bold;\r\n            color: var(--primary-green);\r\n        }\r\n\r\n        .btn {\r\n            display: inline-block;\r\n            padding: 15px 30px;\r\n            background-color: var(--primary-green);\r\n            color: white;\r\n            text-decoration: none;\r\n            border-radius: 5px;\r\n            font-weight: bold;\r\n            transition: background 0.3s ease;\r\n        }\r\n\r\n        .btn:hover {\r\n            background-color: #144719;\r\n            box-shadow: 0 4px 12px rgba(27, 94, 32, 0.3);\r\n        }\r\n\r\n        .footer {\r\n            margin-top: 30px;\r\n            font-size: 14px;\r\n            color: var(--text-muted);\r\n        }\r\n    <\/style>\r\n<\/head>\r\n<body>\r\n\r\n    <div class=\"container\">\r\n        <div class=\"icon\">\u2699\ufe0f<\/div>\r\n        <h1>Th\u00f4ng B\u00e1o B\u1ea3o Tr\u00ec<\/h1>\r\n        \r\n        <p>\r\n            Trang web <span class=\"highlight\">dnlcapital.com.vn<\/span> hi\u1ec7n \u0111ang \u0111\u01b0\u1ee3c b\u1ea3o tr\u00ec \u0111\u1ecbnh k\u1ef3 \u0111\u1ec3 n\u00e2ng c\u1ea5p h\u1ec7 th\u1ed1ng.\r\n        <\/p>\r\n        \r\n        <p>\r\n            \u0110\u1ec3 kh\u00f4ng l\u00e0m gi\u00e1n \u0111o\u1ea1n c\u00f4ng vi\u1ec7c, vui l\u00f2ng truy c\u1eadp \r\n            <span class=\"highlight\">dnlinvestment.com<\/span> \u0111\u1ec3 li\u00ean h\u1ec7 v\u1edbi ch\u00fang t\u00f4i.\r\n        <\/p>\r\n\r\n        <a href=\"https:\/\/dnlinvestment.com\" class=\"btn\">\u0110\u1ebeN DNL INVESTMENT<\/a>\r\n\r\n        <div class=\"footer\">\r\n            \u00a9 2026 DNL Capital. Xin l\u1ed7i v\u00ec s\u1ef1 b\u1ea5t ti\u1ec7n n\u00e0y.\r\n        <\/div>\r\n    <\/div>\r\n\r\n<\/body>\r\n<\/html>\t\t\t\t<\/div>\n\t\t\t\t\t<\/div>\n\t\t\t\t<\/div>\n\t\t\t\t<\/div>\n\t\t","protected":false},"excerpt":{"rendered":"<p>Th\u00f4ng B\u00e1o B\u1ea3o Tr\u00ec &#8211; DNL Capital \u2699\ufe0f Th\u00f4ng B\u00e1o B\u1ea3o Tr\u00ec Trang web dnlcapital.com.vn hi\u1ec7n \u0111ang \u0111\u01b0\u1ee3c b\u1ea3o tr\u00ec \u0111\u1ecbnh k\u1ef3 \u0111\u1ec3 n\u00e2ng c\u1ea5p h\u1ec7 th\u1ed1ng. \u0110\u1ec3 kh\u00f4ng l\u00e0m gi\u00e1n \u0111o\u1ea1n c\u00f4ng vi\u1ec7c, vui l\u00f2ng truy c\u1eadp dnlinvestment.com \u0111\u1ec3 li\u00ean h\u1ec7 v\u1edbi ch\u00fang t\u00f4i. \u0110\u1ebeN DNL INVESTMENT \u00a9 2026 DNL Capital. Xin l\u1ed7i v\u00ec [&hellip;]<\/p>\n","protected":false},"author":1,"featured_media":0,"parent":0,"menu_order":0,"comment_status":"closed","ping_status":"closed","template":"","meta":{"footnotes":""},"class_list":["post-48","page","type-page","status-publish","hentry"],"_links":{"self":[{"href":"https:\/\/dnlcapital.com.vn\/index.php?rest_route=\/wp\/v2\/pages\/48","targetHints":{"allow":["GET"]}}],"collection":[{"href":"https:\/\/dnlcapital.com.vn\/index.php?rest_route=\/wp\/v2\/pages"}],"about":[{"href":"https:\/\/dnlcapital.com.vn\/index.php?rest_route=\/wp\/v2\/types\/page"}],"author":[{"embeddable":true,"href":"https:\/\/dnlcapital.com.vn\/index.php?rest_route=\/wp\/v2\/users\/1"}],"replies":[{"embeddable":true,"href":"https:\/\/dnlcapital.com.vn\/index.php?rest_route=%2Fwp%2Fv2%2Fcomments&post=48"}],"version-history":[{"count":4,"href":"https:\/\/dnlcapital.com.vn\/index.php?rest_route=\/wp\/v2\/pages\/48\/revisions"}],"predecessor-version":[{"id":52,"href":"https:\/\/dnlcapital.com.vn\/index.php?rest_route=\/wp\/v2\/pages\/48\/revisions\/52"}],"wp:attachment":[{"href":"https:\/\/dnlcapital.com.vn\/index.php?rest_route=%2Fwp%2Fv2%2Fmedia&parent=48"}],"curies":[{"name":"wp","href":"https:\/\/api.w.org\/{rel}","templated":true}]}}